{"id":1097,"date":"2016-08-15T18:21:34","date_gmt":"2016-08-15T16:21:34","guid":{"rendered":"http:\/\/www.gaystammtisch50plusminus.de\/?page_id=1097"},"modified":"2019-07-21T19:06:09","modified_gmt":"2019-07-21T17:06:09","slug":"ueber-die-gruendung-der-gruppe","status":"publish","type":"page","link":"https:\/\/www.gaystammtisch50plusminus.de\/?page_id=1097","title":{"rendered":"\u00dcber die Gr\u00fcndung der Gruppe"},"content":{"rendered":"<h1><span style=\"color: #ff00ff;\"><strong>Wie es dazu kam<\/strong><\/span><\/h1>\n<p style=\"text-align: center;\"><img loading=\"lazy\" decoding=\"async\" class=\"alignnone size-medium wp-image-1901\" src=\"http:\/\/www.gaystammtisch50plusminus.de\/wp-content\/uploads\/2019\/07\/Stammtisch-rosa-2-300x97.jpg\" alt=\"\" width=\"300\" height=\"97\" srcset=\"https:\/\/www.gaystammtisch50plusminus.de\/wp-content\/uploads\/2019\/07\/Stammtisch-rosa-2-300x97.jpg 300w, https:\/\/www.gaystammtisch50plusminus.de\/wp-content\/uploads\/2019\/07\/Stammtisch-rosa-2-500x161.jpg 500w, https:\/\/www.gaystammtisch50plusminus.de\/wp-content\/uploads\/2019\/07\/Stammtisch-rosa-2.jpg 543w\" sizes=\"auto, (max-width: 300px) 100vw, 300px\" \/>&nbsp;<\/p>\n<p style=\"text-align: center;\">Erstes Logo der Gruppe<\/p>\n<p><strong>12.11.2011<\/strong><\/p>\n<p><strong>Informationsabend &#8211; <\/strong>Unter dem Thema <strong>\u201eAltwerden in Dresden- (k)ein Problem f\u00fcr Lesben und Schwule?\u201c<\/strong> l\u00e4dt die Gleichstellungsbeauftragte der Stadt Dresden in Zusammenarbeit mit Gerede e.V. zu einer Veranstaltung ins Kulturrathaus ein. Vor einer kleinen Gruppe von Besuchern werden drei Kurzreferate gehalten:<br \/>\nJosef \u201eButz\u201c Brand, Gr\u00fcnder der Gruppe \u201e50plusminus\u201c (Schwules Forum <strong>K\u00f6ln<\/strong>) berichtet von seinen langj\u00e4hrigen Erfahrungen in der Arbeit mit \u00e4lteren schwulen M\u00e4nnern.<br \/>\nFrau Simone Koschewa von der Beratungsstelle \u201erosa alter\u201c in <strong>M\u00fcnchen<\/strong> gibt einen Einblick in die Situation \u00e4lterer lesbischer Frauen und ihren Beratungsalltag.<\/p>\n<p>Horst Rasche, Initiator des &#8222;Wohnprojektes Leipziger Stra\u00dfe&#8220; <strong>Dresden <\/strong>erz\u00e4hlt \u00fcber seine Erfahrungen in einer Wohngemeinschaft.<\/p>\n<p>Als Ergebnis der anschlie\u00dfenden von Morena Gutte vom Gerede e.V. geleiteten Diskussion wird festgestellt:<\/p>\n<ol>\n<li>\u00c4ltere Lesben und Schwule trauen sich nicht raus.<\/li>\n<li>Es gibt in Dresden keine Begegnungsm\u00f6glichkeiten.<\/li>\n<\/ol>\n<p>Es wird beschlossen, eine Initiativgruppe zu bilden, die \u00fcber Konsequenzen nachdenkt<\/p>\n<hr>\n<p>&nbsp;<\/p>\n<p><strong>10.01.2012<\/strong><\/p>\n<p><strong>Initiativgruppe &#8211; <\/strong>Morena Gutte, Manfred Schreyer und Horst Rasche treffen sich mit Frank Paul zu einem Austausch im &#8222;Valentino&#8220; mit dem Ziel, einen Treffpunkt f\u00fcr \u00e4ltere Lesben und Schwule zu organisieren.<\/p>\n<p>Frank Paul setzt sich stark f\u00fcr eine Trennung ein: Lesben und Schwule haben zu wenige Gemeinsamkeiten. Die Gleichgeschlechtlichkeit reicht nicht aus. Es soll einen Stammtisch f\u00fcr Schwule und einen f\u00fcr Lesben geben. W\u00e4hrend die Idee eines Treffpunktes f\u00fcr Lesben im Sande verlaufen ist, nahm der Treffpunkt f\u00fcr Schwule konkrete Formen an. Mit dem Inhaber von &#8222;Valention&#8220; Frank Heine wird beschlossen, ab Mai an jedem 3. Sonntag zum Fr\u00fchschoppen einzuladen<\/p>\n<p>Gerede e.V. druckt den Einladungsflyer:<br \/>\n<strong>Fr\u00fchschoppen 50+ &#8211; f\u00fcr schwule M\u00e4nner im reiferen Alter und ihre Freunde<br \/>\n<\/strong>Im Alter nicht allein sein, auf andere Menschen treffen und in geselliger Runde zusammen sein,<br \/>\nessen, trinken, gemeinsame Aktivit\u00e4ten planen, reden &#8230;<br \/>\nOffen f\u00fcr alle!<br \/>\nAuch f\u00fcr Freunde, Bekannte und Angeh\u00f6rige:<br \/>\njeden 3. Sonntag ab 11 Uhr im Valentino, Jordanstra\u00dfe 2, 01099 Dresden<br \/>\nerster Termin:&nbsp; 20.05.2012, 11 Uhr<\/p>\n<p>Au\u00dferdem \u00fcbernahm es Morena Gutte von Gerede e. V. mit der S\u00e4chsischen Zeitung zu vereinbaren, da\u00df mit der Gr\u00fcndung von Fr\u00fchschoppen 50+\/- ein redaktioneller Artikel erscheint. Diesem unseren Wunsch entsprach die SZ nicht ganz. Es erscheint ein halbseitiger Artikel \u00fcber Frank Paul, in welchem er sich zu seinem Schwulsein bekennt und damit im Zusammenhang gibt es eine Information zur Gr\u00fcndung des Fr\u00fchschoppens<\/p>\n<p>&nbsp;<\/p>\n<p>&nbsp;<\/p>\n","protected":false},"excerpt":{"rendered":"<p>Wie es dazu kam &nbsp; Erstes Logo der Gruppe 12.11.2011 Informationsabend &#8211; Unter dem Thema \u201eAltwerden in Dresden- (k)ein Problem f\u00fcr Lesben und Schwule?\u201c l\u00e4dt die Gleichstellungsbeauftragte der Stadt Dresden in Zusammenarbeit mit Gerede e.V. zu einer Veranstaltung ins Kulturrathaus ein. Vor einer kleinen Gruppe von Besuchern werden drei Kurzreferate gehalten: Josef \u201eButz\u201c Brand, Gr\u00fcnder [&hellip;]<\/p>\n","protected":false},"author":1,"featured_media":1901,"parent":0,"menu_order":0,"comment_status":"closed","ping_status":"closed","template":"","meta":{"ngg_post_thumbnail":0,"footnotes":""},"class_list":["post-1097","page","type-page","status-publish","has-post-thumbnail","hentry"],"jetpack_sharing_enabled":true,"_links":{"self":[{"href":"https:\/\/www.gaystammtisch50plusminus.de\/index.php?rest_route=\/wp\/v2\/pages\/1097","targetHints":{"allow":["GET"]}}],"collection":[{"href":"https:\/\/www.gaystammtisch50plusminus.de\/index.php?rest_route=\/wp\/v2\/pages"}],"about":[{"href":"https:\/\/www.gaystammtisch50plusminus.de\/index.php?rest_route=\/wp\/v2\/types\/page"}],"author":[{"embeddable":true,"href":"https:\/\/www.gaystammtisch50plusminus.de\/index.php?rest_route=\/wp\/v2\/users\/1"}],"replies":[{"embeddable":true,"href":"https:\/\/www.gaystammtisch50plusminus.de\/index.php?rest_route=%2Fwp%2Fv2%2Fcomments&post=1097"}],"version-history":[{"count":16,"href":"https:\/\/www.gaystammtisch50plusminus.de\/index.php?rest_route=\/wp\/v2\/pages\/1097\/revisions"}],"predecessor-version":[{"id":1913,"href":"https:\/\/www.gaystammtisch50plusminus.de\/index.php?rest_route=\/wp\/v2\/pages\/1097\/revisions\/1913"}],"wp:featuredmedia":[{"embeddable":true,"href":"https:\/\/www.gaystammtisch50plusminus.de\/index.php?rest_route=\/wp\/v2\/media\/1901"}],"wp:attachment":[{"href":"https:\/\/www.gaystammtisch50plusminus.de\/index.php?rest_route=%2Fwp%2Fv2%2Fmedia&parent=1097"}],"curies":[{"name":"wp","href":"https:\/\/api.w.org\/{rel}","templated":true}]}}