{"id":1146,"date":"2016-08-21T22:15:16","date_gmt":"2016-08-21T20:15:16","guid":{"rendered":"http:\/\/www.gaystammtisch50plusminus.de\/?page_id=1146"},"modified":"2025-12-13T18:13:52","modified_gmt":"2025-12-13T17:13:52","slug":"fotogallerie","status":"publish","type":"page","link":"https:\/\/www.gaystammtisch50plusminus.de\/?page_id=1146","title":{"rendered":"Bilder-Galerie"},"content":{"rendered":"<p><a href=\"http:\/\/www.gaystammtisch50plusminus.de\/?page_id=1216\"><strong>20.08.2016 Ausflug nach Gotha, Schloss Freudenstein<\/strong><\/a><\/p>\n<p><a href=\"http:\/\/www.gaystammtisch50plusminus.de\/?page_id=1242\"><strong>14.08.2016 Schloss Lauenstein<\/strong><\/a><\/p>\n<p><a href=\"http:\/\/www.gaystammtisch50plusminus.de\/?page_id=1071\"><strong>30.07.2016 Bad Muskau<\/strong><\/a><\/p>\n<p><a href=\"http:\/\/www.gaystammtisch50plusminus.de\/?page_id=994\"><strong>16.07.2016 Zabeltitz<\/strong><\/a><\/p>\n<p><a href=\"http:\/\/www.gaystammtisch50plusminus.de\/?page_id=982\"><strong>05.06.2016 Geising-Bergwiesen<\/strong><\/a><\/p>\n<p><a href=\"http:\/\/www.gaystammtisch50plusminus.de\/?page_id=952\"><strong>21.05.2016 Oybin<\/strong><\/a><\/p>\n<p><a href=\"http:\/\/www.gaystammtisch50plusminus.de\/?page_id=903\"><strong>24.04.2016<\/strong> <strong>Schloss Wildenfels<\/strong><\/a><\/p>\n<p><a href=\"http:\/\/www.gaystammtisch50plusminus.de\/?page_id=842\"><strong>26.12.2015 G\u00e4nsebratenessen<\/strong><\/a><\/p>\n<p><a href=\"http:\/\/www.gaystammtisch50plusminus.de\/?page_id=769\"><strong>22.08.2015 Besuch der Ausstellung \u201cLuther und die F\u00fcrsten\u201d&nbsp;<\/strong><\/a><\/p>\n<p><a href=\"http:\/\/www.gaystammtisch50plusminus.de\/?page_id=646\"><strong>05.04.2015 Ausflug nach Schweinerden zum Osterreiten<\/strong><\/a><\/p>\n<p><a href=\"http:\/\/www.gaystammtisch50plusminus.de\/?page_id=596\"><strong>21.03.2015 Eisenbahnrundfahrt durch Sachsen<\/strong><\/a><\/p>\n<p><a href=\"http:\/\/www.gaystammtisch50plusminus.de\/?page_id=450\"><strong>22.11.2014 Ausflug nach Seiffen<\/strong><\/a><\/p>\n<p><a href=\"http:\/\/www.gaystammtisch50plusminus.de\/?page_id=400\"><strong>18.10.2014 Wanderung durch den Karswald<\/strong><\/a><\/p>\n<p><a href=\"http:\/\/www.gaystammtisch50plusminus.de\/?page_id=374\"><strong>21.06.2014 Besuch der Landesausstellung Sachsen\/Brandenburg in Doberlug-Kirchain<\/strong><\/a><\/p>\n<p><a href=\"http:\/\/www.gaystammtisch50plusminus.de\/?page_id=214\"><strong>12.04.2014 Wanderung von Sch\u00f6nfeld \u00fcber den Borsberg nach Pillnitz<\/strong><\/a><\/p>\n<p><a href=\"http:\/\/www.gaystammtisch50plusminus.de\/?page_id=349\"><strong>15.03.2014 Ausflug nach Jena<\/strong><\/a><\/p>\n<p><strong><a href=\"http:\/\/www.gaystammtisch50plusminus.de\/?page_id=1260\">26.08.2016 Busfahrt in den Spreewald<\/a><\/strong><\/p>\n<p><a href=\"http:\/\/www.gaystammtisch50plusminus.de\/?page_id=1332\"><strong>23.09.2016 Ein Wochenende im Gimmlitztal<\/strong><\/a><\/p>\n<p><strong><a href=\"http:\/\/www.gaystammtisch50plusminus.de\/?page_id=1284\">02.10.2016 Ausflug zu den Seelower H\u00f6hen<\/a><\/strong><\/p>\n<p><strong>&nbsp;<a href=\"http:\/\/www.gaystammtisch50plusminus.de\/?page_id=1446\">09.12.2016 Tagung &#8222;Alter unterm Regenbogen&#8220; in Leipzig<\/a><\/strong><\/p>\n<p><a href=\"http:\/\/www.gaystammtisch50plusminus.de\/?page_id=1370\"><strong>25.12.2016 Weihnachtliches G\u00e4nseessen<\/strong><\/a><\/p>\n<p><strong><a href=\"http:\/\/www.gaystammtisch50plusminus.de\/?page_id=1468\">08.02.2017 Ausflug insNudelzentrum Riesa<\/a>&nbsp;(Bilder: Manfred)<\/strong><\/p>\n<p><strong><a href=\"http:\/\/www.gaystammtisch50plusminus.de\/?page_id=1485%20\">26.03.2017 Wanderung im Gebergrund<\/a>&nbsp;(Bilder: Manfred)2<\/strong><\/p>\n<p><strong><a href=\"http:\/\/www.gaystammtisch50plusminus.de\/?page_id=1551\">22.07.2017 Wanderung an der Kirnitsch in der S\u00e4chs Schweiz <\/a>(Bilder: Rainer)<\/strong><\/p>\n<p><a href=\"http:\/\/www.gaystammtisch50plusminus.de\/?page_id=1636\"><strong>17.08.2017 Info-Veranstaltung BIZZ in Leipzig<\/strong><\/a><\/p>\n<p><a href=\"http:\/\/www.gaystammtisch50plusminus.de\/?page_id=1663\"><strong>28.01.2018 Besuch des Zeitgeschichtlichen Forums in Leipzig<\/strong><\/a><\/p>\n<p><a href=\"http:\/\/www.gaystammtisch50plusminus.de\/?page_id=1712\"><strong>14.04.2018 -Wanderung von Edle Krone nach Tharandt<\/strong><\/a><\/p>\n<p><strong><a href=\"http:\/\/www.gaystammtisch50plusminus.de\/?page_id=1758\">12.05.2018 Ausflug in den Barockgarten Gro\u00dfsedlitz und ins Osterzgebirge<\/a><\/strong><\/p>\n<p><a href=\"http:\/\/www.gaystammtisch50plusminus.de\/?page_id=1787\"><strong>25.08.2018 Ausflug in die S\u00e4chsische Schweiz<\/strong><\/a><\/p>\n<p><a href=\"http:\/\/www.gaystammtisch50plusminus.de\/?page_id=1824\"><strong>22.09.2018 Mit der Kleinbahn ins Osterzgebirge<\/strong><\/a><\/p>\n<p><strong><a href=\"http:\/\/www.gaystammtisch50plusminus.de\/?page_id=1825\">14.10.2018 Zur Sonderaustellung \u00fcber den letzten K\u00f6nig nach Pillnitz<\/a><\/strong><\/p>\n<p><a href=\"http:\/\/www.gaystammtisch50plusminus.de\/?page_id=1866\"><strong>20.01.2019 Besuch der Stasi-Gedenkst\u00e4tte Bautzner Stra\u00dfe<\/strong><\/a><\/p>\n<p><strong><a href=\"http:\/\/www.gaystammtisch50plusminus.de\/?page_id=2017\">23.02.2020 Besuch der Staatlichen Kunstsammlung Dresden, Parader\u00e4ume<\/a><\/strong><\/p>\n<p><strong><a href=\"http:\/\/www.gaystammtisch50plusminus.de\/?page_id=2173\">20.07.2022 Fahrt mit Kleinbahn zum Fichtelberg<\/a><\/strong><\/p>\n<p><strong><a href=\"http:\/\/www.gaystammtisch50plusminus.de\/?page_id=2218\">21.01.2023 Trickfilmausstellung in Dresden<\/a><\/strong><\/p>\n<p><strong><a href=\"http:\/\/www.gaystammtisch50plusminus.de\/?page_id=2293\">18.02.2023 Brauerei in Radeberg<\/a><\/strong><\/p>\n<p><a href=\"http:\/\/www.gaystammtisch50plusminus.de\/?page_id=2342\">25.03.2023 Teppichmuseum Oelsnitz im Vogtland<\/a><\/p>\n<p><a href=\"http:\/\/www.gaystammtisch50plusminus.de\/?page_id=2387\">22.04.2023 S\u00e4chs. Eisenbahnmuseum Chemnitz-Hilbersdorf<\/a><\/p>\n<p><a href=\"http:\/\/www.gaystammtisch50plusminus.de\/?page_id=2417\">20.05.2023 Entdeckertour durch Dresden-Friedrichstadt<\/a><\/p>\n<p><a href=\"http:\/\/www.gaystammtisch50plusminus.de\/?page_id=2505\">05.01.2024 Beisetzung und Erinnerung von Frank Paul<\/a><\/p>\n<p><a href=\"http:\/\/www.gaystammtisch50plusminus.de\/?page_id=2577\">21.01.2024 Sonderausstellung im Hygienemuseum<\/a><\/p>\n<p><a href=\"http:\/\/www.gaystammtisch50plusminus.de\/?page_id=2619&amp;preview=true\" target=\"_blank\" rel=\"noopener\"><span style=\"color: #0000ff;\"><strong>16.03.2024 Festung Dresden<\/strong><\/span><\/a><\/p>\n<p><strong><span style=\"color: #0000ff;\"><a style=\"color: #0000ff;\" href=\"http:\/\/www.gaystammtisch50plusminus.de\/?page_id=2661\">27.04.2024 Museum Robert-Sterl-Haus<\/a><\/span><\/strong><\/p>\n<p><span style=\"color: #0000ff;\"><a style=\"color: #0000ff;\" href=\"http:\/\/www.gaystammtisch50plusminus.de\/?page_id=2696\"><strong>12.05.2024&nbsp; Seifersdorfer Tal, Wanderung<\/strong><\/a><\/span><\/p>\n<p><strong><a href=\"http:\/\/www.gaystammtisch50plusminus.de\/?page_id=2731\">01.06.2024&nbsp; CSD Dresden, Politische Demonstration<\/a><\/strong><\/p>\n<p><a href=\"https:\/\/www.gaystammtisch50plusminus.de\/?page_id=2762\" target=\"_blank\" rel=\"noopener\"><span style=\"color: #0000ff;\">27.01.2025 Trauerfeier Heiko R\u00fcckner<\/span><\/a><\/p>\n<p><a href=\"https:\/\/www.gaystammtisch50plusminus.de\/?page_id=2795\"><strong><span style=\"color: #0000ff;\">22.04.2025 Operette f\u00fcr zwei schwule Ten\u00f6re &#8211; Com\u00f6die Dresden<\/span><\/strong><\/a><\/p>\n<p><span style=\"color: #0000ff;\"><a style=\"color: #0000ff;\" href=\"https:\/\/www.gaystammtisch50plusminus.de\/?page_id=2830\">07.06.2025 Wanderung durch den Zschonergrund<\/a><\/span><\/p>\n<p><a href=\"https:\/\/www.gaystammtisch50plusminus.de\/?page_id=2858\" target=\"_blank\" rel=\"noopener\">26.09.2025 St. Pauli Theaterruine, Teuflische G\u00f6ttinnen<\/a><\/p>\n<p><a href=\"https:\/\/www.gaystammtisch50plusminus.de\/?page_id=2878\">12.12.2025 Weihnachtsstammtisch&nbsp;<\/a><\/p>\n","protected":false},"excerpt":{"rendered":"<p>20.08.2016 Ausflug nach Gotha, Schloss Freudenstein 14.08.2016 Schloss Lauenstein 30.07.2016 Bad Muskau 16.07.2016 Zabeltitz 05.06.2016 Geising-Bergwiesen 21.05.2016 Oybin 24.04.2016 Schloss Wildenfels 26.12.2015 G\u00e4nsebratenessen 22.08.2015 Besuch der Ausstellung \u201cLuther und die F\u00fcrsten\u201d&nbsp; 05.04.2015 Ausflug nach Schweinerden zum Osterreiten 21.03.2015 Eisenbahnrundfahrt durch Sachsen 22.11.2014 Ausflug nach Seiffen 18.10.2014 Wanderung durch den Karswald 21.06.2014 Besuch der Landesausstellung Sachsen\/Brandenburg [&hellip;]<\/p>\n","protected":false},"author":1,"featured_media":0,"parent":0,"menu_order":0,"comment_status":"closed","ping_status":"closed","template":"","meta":{"ngg_post_thumbnail":0,"footnotes":""},"class_list":["post-1146","page","type-page","status-publish","hentry"],"jetpack_sharing_enabled":true,"_links":{"self":[{"href":"https:\/\/www.gaystammtisch50plusminus.de\/index.php?rest_route=\/wp\/v2\/pages\/1146","targetHints":{"allow":["GET"]}}],"collection":[{"href":"https:\/\/www.gaystammtisch50plusminus.de\/index.php?rest_route=\/wp\/v2\/pages"}],"about":[{"href":"https:\/\/www.gaystammtisch50plusminus.de\/index.php?rest_route=\/wp\/v2\/types\/page"}],"author":[{"embeddable":true,"href":"https:\/\/www.gaystammtisch50plusminus.de\/index.php?rest_route=\/wp\/v2\/users\/1"}],"replies":[{"embeddable":true,"href":"https:\/\/www.gaystammtisch50plusminus.de\/index.php?rest_route=%2Fwp%2Fv2%2Fcomments&post=1146"}],"version-history":[{"count":103,"href":"https:\/\/www.gaystammtisch50plusminus.de\/index.php?rest_route=\/wp\/v2\/pages\/1146\/revisions"}],"predecessor-version":[{"id":2880,"href":"https:\/\/www.gaystammtisch50plusminus.de\/index.php?rest_route=\/wp\/v2\/pages\/1146\/revisions\/2880"}],"wp:attachment":[{"href":"https:\/\/www.gaystammtisch50plusminus.de\/index.php?rest_route=%2Fwp%2Fv2%2Fmedia&parent=1146"}],"curies":[{"name":"wp","href":"https:\/\/api.w.org\/{rel}","templated":true}]}}