{"id":49,"date":"2014-06-24T10:15:48","date_gmt":"2014-06-24T08:15:48","guid":{"rendered":"http:\/\/www.gaystammtisch50plusminus.de\/?page_id=49"},"modified":"2021-11-29T18:03:24","modified_gmt":"2021-11-29T17:03:24","slug":"impressum","status":"publish","type":"page","link":"https:\/\/www.gaystammtisch50plusminus.de\/?page_id=49","title":{"rendered":"Impressum"},"content":{"rendered":"<p><strong>&#8222;Gaystammtisch 50 plus\/minus&#8220; <\/strong>&nbsp; &nbsp;ist ein eigenst\u00e4ndiger Stammtisch und Treff f\u00fcr schwule M\u00e4nner, nicht nur \u00fcber 50,&nbsp; unter dem Dach von <strong>Gerede e.V.<\/strong> \u2013 dem Dresdner Verein f\u00fcr Menschen mit vielf\u00e4ltigen Liebes- und Lebensweisen (z.B. Lesben, Schwule, Bisexuelle und_oder Transidente sowie Inter*) sowie deren Angeh\u00f6rige.&nbsp;<\/p>\n<p><a href=\"http:\/\/www.gerede-dresden.de\/\">Link zum Gerede e.V.<\/a><\/p>\n<p>&nbsp;<\/p>\n<p>Verantwortlich f\u00fcr die Seiteninhalte sind:<\/p>\n<p>Frank Paul, Dresden<\/p>\n<p>Klaus Barth, Dresden (Webmaster)<\/p>\n<p>&nbsp;<\/p>\n<p>Haftungshinweis:<\/p>\n<p>Trotz sorgf\u00e4ltiger inhaltlicher Kontrolle \u00fcbernehmen wir keine Haftung f\u00fcr die Inhalte externer Links. F\u00fcr den Inhalt dieser verlinkten Seiten sind ausschlie\u00dflich deren Betreiber verantwortlich.<\/p>\n","protected":false},"excerpt":{"rendered":"<p>&#8222;Gaystammtisch 50 plus\/minus&#8220; &nbsp; &nbsp;ist ein eigenst\u00e4ndiger Stammtisch und Treff f\u00fcr schwule M\u00e4nner, nicht nur \u00fcber 50,&nbsp; unter dem Dach von Gerede e.V. \u2013 dem Dresdner Verein f\u00fcr Menschen mit vielf\u00e4ltigen Liebes- und Lebensweisen (z.B. Lesben, Schwule, Bisexuelle und_oder Transidente sowie Inter*) sowie deren Angeh\u00f6rige.&nbsp; Link zum Gerede e.V. &nbsp; Verantwortlich f\u00fcr die Seiteninhalte sind: [&hellip;]<\/p>\n","protected":false},"author":1,"featured_media":0,"parent":0,"menu_order":0,"comment_status":"closed","ping_status":"closed","template":"","meta":{"ngg_post_thumbnail":0,"footnotes":""},"class_list":["post-49","page","type-page","status-publish","hentry"],"jetpack_sharing_enabled":true,"_links":{"self":[{"href":"https:\/\/www.gaystammtisch50plusminus.de\/index.php?rest_route=\/wp\/v2\/pages\/49","targetHints":{"allow":["GET"]}}],"collection":[{"href":"https:\/\/www.gaystammtisch50plusminus.de\/index.php?rest_route=\/wp\/v2\/pages"}],"about":[{"href":"https:\/\/www.gaystammtisch50plusminus.de\/index.php?rest_route=\/wp\/v2\/types\/page"}],"author":[{"embeddable":true,"href":"https:\/\/www.gaystammtisch50plusminus.de\/index.php?rest_route=\/wp\/v2\/users\/1"}],"replies":[{"embeddable":true,"href":"https:\/\/www.gaystammtisch50plusminus.de\/index.php?rest_route=%2Fwp%2Fv2%2Fcomments&post=49"}],"version-history":[{"count":8,"href":"https:\/\/www.gaystammtisch50plusminus.de\/index.php?rest_route=\/wp\/v2\/pages\/49\/revisions"}],"predecessor-version":[{"id":52,"href":"https:\/\/www.gaystammtisch50plusminus.de\/index.php?rest_route=\/wp\/v2\/pages\/49\/revisions\/52"}],"wp:attachment":[{"href":"https:\/\/www.gaystammtisch50plusminus.de\/index.php?rest_route=%2Fwp%2Fv2%2Fmedia&parent=49"}],"curies":[{"name":"wp","href":"https:\/\/api.w.org\/{rel}","templated":true}]}}