{"id":70,"date":"2014-06-24T11:27:30","date_gmt":"2014-06-24T09:27:30","guid":{"rendered":"http:\/\/www.gaystammtisch50plusminus.de\/?page_id=70"},"modified":"2024-01-26T12:18:08","modified_gmt":"2024-01-26T11:18:08","slug":"das-war-2013","status":"publish","type":"page","link":"https:\/\/www.gaystammtisch50plusminus.de\/?page_id=70","title":{"rendered":"Jahresberichte"},"content":{"rendered":"<h3>&nbsp;<\/h3>\n<h3>&nbsp;<\/h3>\n<h3><span style=\"color: #ff00ff;\">R\u00fcckblick auf das Jahr 2023<\/span><\/h3>\n<p>Wir hatten jeden 2. Freitag im Monat unser Stammtischtreffen, an denen mal mehr oder mal wenige Freunde daran teilgenommen haben.<\/p>\n<p>Zus\u00e4tzlich hatten wir weitere Veranstaltungen in unserem Kalender, die wir durchgef\u00fchrt haben, wie der Besuch \u201eTrickfilme \u2013 Made in Dresden\u201c, die Radeberger Exportbierbrauerei, das Teppichmuseum im Schloss Voigtsberg in Oelsnitz\/V., eine Veranstaltung in der Herkuleskeule in Dresden, u.a.<\/p>\n<p>Am 13.12.2023 verstarb unser langj\u00e4hriges Gr\u00fcndungsmitglied unseres Stammtische, Frank Paul. Die Beisetzung findet am 05.01.2024 um 11 Uhr auf dem Heidefriedhof statt.&nbsp;&nbsp;<br \/>\nWir wollen gern in seinem Sinne diesen Stammtisch erfolgreich weiterf\u00fchren.<\/p>\n<p>Wir d\u00fcrfen nicht vergessen, dass die Schwulenbewegung in den vergangenen Jahren uns dorthin gebracht hat, wo wir heute sind. Das ist leider nicht \u00fcberall in Europa so.&nbsp;<br \/>\nNoch schlimmer in Russland, wo die DUMA am 30.11.2023 die LGBTQ++ Community als \u201eextremistisch\u201c eingestuft hat und somit die Schwulen und Lesben strafrechtlich verfolgt werden.&nbsp;&nbsp;&nbsp;<\/p>\n<p>Ich m\u00f6chte an dieser Stelle auch an alle Stammtischfreunde eine Bitte richten.<\/p>\n<p>Es ist nicht einfach Veranstaltungen und die passenden Termine zu planen. Ich w\u00fcnsche mir, dass Ihr Eure Ideen mit einbringt, dass auch mal eine R\u00fcckmeldung auf Rundmails kommen, besonders bei Anfragen zur Teilnahme, auch wenn es nur ein Ja&#8220; oder \u201eNein\u201c ist.&nbsp;Das vereinfacht uns die Arbeit.<\/p>\n<p>Sollte der Wunsch bestehen, dass ein Mitglied keine Emailnachrichten haben m\u00f6chte, dann teilt uns das mit und wir nehmen Dich aus dem Emailverteiler. &nbsp;<\/p>\n<p>In diesem Sinne darf ich jedem einen guten Rutsch ins Jahr 2024 w\u00fcnschen, verbunden mit dem Wunsch, dass alle gesund bleiben und ihre Ziele, die sie gesteckt haben, auch umsetzen k\u00f6nnen.<\/p>\n<p>Liebe Gr\u00fc\u00dfe,&nbsp;<br \/>\nHans-J\u00fcrgen<br \/>\n29.12.2023<\/p>\n<hr>\n<h3><span style=\"color: #ff00ff;\">Jahresr\u00fcckblick und H\u00f6hepunkte 2018 und 2019<\/span><\/h3>\n<p>Wir haben 12 mal den Stammtisch sowie 14 geplante Veranstaltungen 2018 durchgef\u00fchrt. Die Teilnahme lag durchschnittlich zwischen 8 und 12 Personen<\/p>\n<p>Besondere H\u00f6hepunkte waren im Januar der Besuch des Zeitgeschichtlichen Forums Leipzig zum Thema \u201eTeilung und Einheit, Diktatur und Widerstand\u201c, Mitwirkung bei der Vorbereitung und Durchf\u00fchrung des Gruppenzeltes zum CSD 2018, im Oktober Besuch des Industriemuseums Chemnitz sowie im Dezember unser traditionelles Weihnachtsgansessen mit ganzen G\u00e4nsen in der Russigm\u00fchle im Polenztal bei Hohnstein. Die Pl\u00e4tze f\u00fcr den 26.12.2019 sind bereits gebucht, zum 7. Mal in Folge.<\/p>\n<p>Das Jahr 2019 begann bereits mit dem Besuch der Stasi-Gedenkst\u00e4tte Bautzner Stra\u00dfe, der Februar war kulturell gepr\u00e4gt mit drei Konzertbesuchen \u2013 dem Chinesischen Neujahrskonzert, der Dresdner Bl\u00e4serphilharmonie und als besonderer H\u00f6hepunkt das Gedenkkonzert der Dresdner Philharmonie zum 13. Februar mit Schostakowitschs 15. Sinfonie.<\/p>\n<p>Absolutes Highlight wird im Juli unsere 3-Tage-Fahrt nach Quedlinburg mit Kleinbahnfahrt quer durch den Harz zum Brocken sein. Diese Veranstaltung f\u00fchren wir gemeinsam mit unseren Freunden von den Golden Gay\u2019s aus K\u00f6ln durch, mit denen wir seit Jahren gut vernetzt sind. Es ist bereits unsere dritte gemeinsame Veranstaltung. 20 Hotelbetten sind bereits seit Oktober 2018 gebucht.<\/p>\n<p>Frank,&nbsp;14.03.2019<\/p>\n<hr>\n<h3><span style=\"color: #ff00ff;\">Jahresr\u00fcckblick 2014<\/span><\/h3>\n<p>Das Jahr 2014 hatte f\u00fcr uns sowohl H\u00f6hen als auch Tiefen, verlief aber insgesamt sehr positiv. Wir haben uns als Gruppe weiter gefestigt, im 3. Jahr nach Gr\u00fcndung. Die Bereitschaft, im Bedarfsfall untereinander Hilfe zu leisten bzw. zu organisieren, ist gewachsen. In der \u00d6ffentlichkeit, vor allem in der Schwulenszene, werden wir wahrgenommen und akzeptiert und der Verlust von 3 Mitgliedern, die sich ohne R\u00fcckkehr nach Gran Canaria verabschiedet haben, konnten wir zwischenzeitlich kompensieren. Bunt gemischt war wiederum der Veranstaltungsplan f\u00fcr 2014. Mit Theater-, Museumsbesuchen, Wanderungen und Ausfahrten sowie der Stammtischrunde war f\u00fcr Jedermann etwas dabei. Nicht unerw\u00e4hnt soll sein, dass unsere Gruppe f\u00fcr die Aktion \u201eLichtblick\u201c 88 \u20ac spendete. Die Ver\u00f6ffentlichung der Spende erfolgte in der S\u00e4chsischen Zeitung vom 16.01.2015 unter Gaystammtisch 50plusminus Dresden.<\/p>\n<p>Insgesamt waren 30 Veranstaltungen geplant. 12-mal davon der monatliche Stammtisch im Caf\u00e9 Valentino. Alles fand planm\u00e4\u00dfig statt, mit einer Ausnahme: Eine Wanderung fiel wieder einmal mangels Beteiligung ins Wasser. Die Teilnahme lag im Schnitt bei 5 Personen. Beim Weihnachtsgansessen (ohne Gans) am 26.12., das nunmehr schon zur Tradition geworden ist, nahm fast die gesamte Gruppe teil, sowie je ein Gast aus Wiesbaden und Mainz.<\/p>\n<p>Am 24.05. verabschiedeten wir Peter, Frieder und Roy nach Gran Canaria. Daraus resultierten&nbsp; einige Probleme. Roy, als unser Webmaster, hatte alle seine Vertr\u00e4ge mit den unterschiedlichen Anbietern gek\u00fcndigt. Dieser Tatsache fiel unsere Web-Seite zum Opfer und wir sa\u00dfen einige Zeit \u201e ohne\u201c da . Dieter Falz ist es dann mit Hilfe eines Freundes aus dem Valentino, Thomas,&nbsp;genannt \u201eMogli\u201c, gelungen, eine Neue Web-Seite einzurichten. Daf\u00fcr gilt beiden unser herzlicher Dank. Au\u00dfer den l\u00e4ngerfristig geplanten Veranstaltungen haben sich verst\u00e4rkt einzelne Mitglieder unserer Gruppe spontan f\u00fcr verschiedene Events (Theater, Konzert) entschieden. Das ist eine neue Qualit\u00e4t im Gruppenleben.<\/p>\n<p>Neben den Besuchen des Zeiss-Planetariums in Jena, des Deutsch-Russischen Kriegsmuseums in Berlin-Karlshorst und der 1. Brandenburgischen Landesausstellung in Doberlug-Kirchhain zur preu\u00dfisch-s\u00e4chsischen Beziehungsgeschichte war ein absoluter H\u00f6hepunkt die Ausfahrt ins Vogtland mit 4 Freunden der Golden Gays aus K\u00f6ln im September. Wir haben die Freunde am Flughafen Klotzsche empfangen, ins Quartier begleitet und nach dem gemeinsamen Mittagessen einen Stadtrundgang organisiert. Am 2. Tag war eine Fahrt in die S\u00e4chsische Schweiz , \u00fcber Stadt Wehlen \u2013 Uttewalder Grund \u2013 zur Bastei und Rathen f\u00e4llig. Dann war eine 3-Tage-Fahrt ins und durchs Vogtland angesagt. Unterkunft war in Morgenr\u00f6the-Rautenkranz. Mit Besichtigung einer traditionsreichen Stickerei, Besuchen der Weltraumausstellung, dem Musikinstrumentenmuseums in Markneukirchen, dem Bauern-Freilichtmuseums in Landw\u00fcst und dazwischen dem Kennenlernen der bodenst\u00e4ndigen, traditionellen K\u00fcche des Vogtlandes sowie einem besinnlichen Grillabend hatten wir ein erlebnisreiches und spannendes Programm. Kr\u00f6nender Abschluss bildete dann die Besichtigung der G\u00f6ltzschtalbr\u00fccke bei Reichenbach. Die K\u00f6lner Freunde haben aus ihren Film- und Kameraaufnahmen ein wunderbares Video erstellt und uns zur Verf\u00fcgung gestellt. Daf\u00fcr unseren Dank. Sie erwarten nat\u00fcrlich demn\u00e4chst unseren Gegenbesuch in K\u00f6ln. Da m\u00fcssen wir uns noch etwas einfallen lassen<\/p>\n<p>Das Neue Jahr hat erfolgversprechend begonnen. Erstmalig konnten wir Kalle und Jan bei uns begr\u00fc\u00dfen. Wir sind offensichtlich weiterhin auf einem guten Weg. Damit seid alle herzlichst gegr\u00fc\u00dft.<\/p>\n<p>Frank<\/p>\n<hr>\n<h3><span style=\"color: #ff00ff;\"><strong>2013 &#8211; Ein durchaus erfolgreiches Jahr<\/strong><\/span><\/h3>\n<p>Gegr\u00fcndet im Mai 2012 als Fr\u00fchschoppen 50+ zeichnete sich in den darauf folgenden Monaten, bei allen positiven Ergebnissen, ab, da\u00df ein Fr\u00fchschoppen Sonntags um 11.00 Uhr kein idealer Zeitpunkt ist. Die Verlegung des monatlichen Treffpunktes auf jeden 2. Freitag im Monat, 18.00 Uhr ab M\u00e4rz 2013 und damit auch die Umbenennung in Stammtisch50plusminus hat sich bew\u00e4hrt. Diese Ver\u00e4nderung wurde nach ausgiebiger Beratung im Team entschieden und daraus folgt auch gleich eine wichtige Erkenntnis f\u00fcr die Arbeit in bzw. mit der Gruppe. In einer Gruppe mu\u00df einer die F\u00e4den in der Hand halten, im Selbstlauf organisiert sich keine Gruppe. Aber Entscheidungen k\u00f6nnen nur nach gemeinsamer Beratung getroffen werden und damit k\u00f6nnen zur Erf\u00fcllung bestimmter Aufgaben auch alle Gruppenmitglieder einbezogen werden. Und das hat gut funktioniert.<\/p>\n<p>Das Jahr 2013 war erfolgreich f\u00fcr die Gruppe. Geplant waren 29 Veranstaltungen, davon 12-mal Fr\u00fchschoppen\/ Stammtisch. Von den verbleibenden geplanten 17 Veranstaltungen fanden 12 statt, 2 Wanderungen im Fr\u00fchjahr fielen wegen winterlicher Verh\u00e4ltnisse aus, eine Wanderung mangels Beteiligung, die Pilzwanderung wegen fehlender Pilze und das Travestie-Theater war noch immer Opfer des Junihochwassers. Kurzfristig geplant wurden das Weihnachtsgansessen am 26.12. in der Ru\u00dfigm\u00fchle im Polenztal und der Besuch der Wismut-Kunstsch\u00e4tze in der Neuen Galerie in Chemnitz am 28.12. Au\u00dferdem sind wir zum CSD als eigenst\u00e4ndige Gruppe aufgetreten. Das Cafe Valentino hatte uns dazu T-Shirts mit unserem Logoaufdruck gesponsert.<\/p>\n<p>Alles in allem haben wir au\u00dfer den Stammtischen 14 Veranstaltungen mit unterschiedlicher Teilnahme gehabt. An der Ausstellung Stalingrad im Milit\u00e4rmuseum, dem Besuch des Tom Pauls Theaters sowie dem Weihnachtsgansessen nahm jeweils fast die gesamte Gruppe teil. Die Teilnahme der \u00fcbrigen Veranstaltungen lag zwischen 2 \u2013 6 Personen. Nicht Jeder interessiert sich eben f\u00fcr alles. Aber allein h\u00e4tte man die Mehrzahl der Veranstaltungen nicht erlebt. Wenn etwas organisiert wird, f\u00e4llt die Teilnahme leichter.<\/p>\n<p>Das alte Jahr wurde mit dem Weihnachtsgansessen am 2. Feiertag sowie dem Besuch der Wismut-Ausstellung am 28.12. in Chemnitz erfolgreich zu Ende gebracht und das Neue Jahr ebenso erfolgreich mit dem Besuch der Herkules Keule am 4.01.14, an dem 10 Personen teilnahmen, und der Besichtigung der Dresdner Tafelkultur um 1900 im Stadtarchiv am 23.01., mit anschlie\u00dfendem gemeinsamen Mittagessen in der K\u00f6hlerh\u00fctte Weixdorf und einem Spaziergang bei gleichzeitiger Bestellung des Weihnachtsgansessens f\u00fcr den 26.12.14 daselbst begonnen.<\/p>\n<p>Wir sind auf einem guten Weg. Im Alter nicht allein sein \u2013 das bleibt unser Credo. Jeder, der neu zu uns kommt, ist herzlich willkommen.<\/p>\n<p>Frank Paul<\/p>\n","protected":false},"excerpt":{"rendered":"<p>&nbsp; &nbsp; R\u00fcckblick auf das Jahr 2023 Wir hatten jeden 2. Freitag im Monat unser Stammtischtreffen, an denen mal mehr oder mal wenige Freunde daran teilgenommen haben. Zus\u00e4tzlich hatten wir weitere Veranstaltungen in unserem Kalender, die wir durchgef\u00fchrt haben, wie der Besuch \u201eTrickfilme \u2013 Made in Dresden\u201c, die Radeberger Exportbierbrauerei, das Teppichmuseum im Schloss Voigtsberg [&hellip;]<\/p>\n","protected":false},"author":1,"featured_media":0,"parent":0,"menu_order":0,"comment_status":"closed","ping_status":"closed","template":"","meta":{"ngg_post_thumbnail":0,"footnotes":""},"class_list":["post-70","page","type-page","status-publish","hentry"],"jetpack_sharing_enabled":true,"_links":{"self":[{"href":"https:\/\/www.gaystammtisch50plusminus.de\/index.php?rest_route=\/wp\/v2\/pages\/70","targetHints":{"allow":["GET"]}}],"collection":[{"href":"https:\/\/www.gaystammtisch50plusminus.de\/index.php?rest_route=\/wp\/v2\/pages"}],"about":[{"href":"https:\/\/www.gaystammtisch50plusminus.de\/index.php?rest_route=\/wp\/v2\/types\/page"}],"author":[{"embeddable":true,"href":"https:\/\/www.gaystammtisch50plusminus.de\/index.php?rest_route=\/wp\/v2\/users\/1"}],"replies":[{"embeddable":true,"href":"https:\/\/www.gaystammtisch50plusminus.de\/index.php?rest_route=%2Fwp%2Fv2%2Fcomments&post=70"}],"version-history":[{"count":12,"href":"https:\/\/www.gaystammtisch50plusminus.de\/index.php?rest_route=\/wp\/v2\/pages\/70\/revisions"}],"predecessor-version":[{"id":2584,"href":"https:\/\/www.gaystammtisch50plusminus.de\/index.php?rest_route=\/wp\/v2\/pages\/70\/revisions\/2584"}],"wp:attachment":[{"href":"https:\/\/www.gaystammtisch50plusminus.de\/index.php?rest_route=%2Fwp%2Fv2%2Fmedia&parent=70"}],"curies":[{"name":"wp","href":"https:\/\/api.w.org\/{rel}","templated":true}]}}