{"id":789,"date":"2015-12-04T17:56:30","date_gmt":"2015-12-04T15:56:30","guid":{"rendered":"http:\/\/www.gaystammtisch50plusminus.de\/?page_id=789"},"modified":"2017-09-11T11:03:36","modified_gmt":"2017-09-11T09:03:36","slug":"unser-bundesverband","status":"publish","type":"page","link":"https:\/\/www.gaystammtisch50plusminus.de\/?page_id=789","title":{"rendered":"Unser Bundesverband"},"content":{"rendered":"<p>&nbsp;<\/p>\n<p>Endlich ist es gelungen, einen Bundesverband f\u00fcr die Interessenvertretung \u00e4lterer schwuler M\u00e4nner in Deutschland zu gr\u00fcnden. Dies war \u00fcberf\u00e4llig. Mitglieder unserer Gruppe \u201eGaystammtisch50plusminus Dresden\u201c haben im Initiativarbeitskreis zur Gr\u00fcndung der <strong>\u201eBundesinteressenvertretung schwuler Senioren e. V. (BISS)\u201c<\/strong> aktiv mitgewirkt. Ein Gruppenmitglied ist BISS-Gr\u00fcndungsmitglied und vertritt unseren Stammtisch in den BISS-Gremien. Dieses Mitglied hat die Gr\u00fcndungsversammlung am 01. Juli 2015 in Frankfurt\/Main geleitet.<\/p>\n<div id=\"attachment_790\" style=\"width: 310px\" class=\"wp-caption alignnone\"><a href=\"http:\/\/www.gaystammtisch50plusminus.de\/wp-content\/uploads\/2015\/12\/Mitglieder-BISS.jpg\"><img loading=\"lazy\" decoding=\"async\" aria-describedby=\"caption-attachment-790\" class=\"size-medium wp-image-790\" src=\"http:\/\/www.gaystammtisch50plusminus.de\/wp-content\/uploads\/2015\/12\/Mitglieder-BISS-300x225.jpg\" alt=\"Gr\u00fcnder des BISS\" width=\"300\" height=\"225\" srcset=\"https:\/\/www.gaystammtisch50plusminus.de\/wp-content\/uploads\/2015\/12\/Mitglieder-BISS-300x225.jpg 300w, https:\/\/www.gaystammtisch50plusminus.de\/wp-content\/uploads\/2015\/12\/Mitglieder-BISS-1024x768.jpg 1024w, https:\/\/www.gaystammtisch50plusminus.de\/wp-content\/uploads\/2015\/12\/Mitglieder-BISS-500x375.jpg 500w\" sizes=\"auto, (max-width: 300px) 100vw, 300px\" \/><\/a><p id=\"caption-attachment-790\" class=\"wp-caption-text\">Gr\u00fcnder des BISS<\/p><\/div>\n<p><a href=\"http:\/\/www.gaystammtisch50plusminus.de\/?page_id=795\">Gr\u00fcndungsdokument der Interessenvertretung lesen<\/a><\/p>\n<p><a href=\"http:\/\/www.gaystammtisch50plusminus.de\/?page_id=799\">Gru\u00dfwort des Staatssekret\u00e4rs\u00a0Dr. Ralf Kleindiek<\/a><\/p>\n<p><a href=\"http:\/\/www.gaystammtisch50plusminus.de\/?page_id=806\">Die Gr\u00fcndung des BISS im Echo der Medien<\/a><\/p>\n<p><a href=\"http:\/\/schwuleundalter.de\/rundbrief\/\">News-Letter<\/a><\/p>\n<p><a href=\"http:\/\/www.gaystammtisch50plusminus.de\/?attachment_id=869\">BISS-Flyer<\/a><\/p>\n<p>&nbsp;<\/p>\n","protected":false},"excerpt":{"rendered":"<p>&nbsp; Endlich ist es gelungen, einen Bundesverband f\u00fcr die Interessenvertretung \u00e4lterer schwuler M\u00e4nner in Deutschland zu gr\u00fcnden. Dies war \u00fcberf\u00e4llig. Mitglieder unserer Gruppe \u201eGaystammtisch50plusminus Dresden\u201c haben im Initiativarbeitskreis zur Gr\u00fcndung der \u201eBundesinteressenvertretung schwuler Senioren e. V. (BISS)\u201c aktiv mitgewirkt. Ein Gruppenmitglied ist BISS-Gr\u00fcndungsmitglied und vertritt unseren Stammtisch in den BISS-Gremien. Dieses Mitglied hat die Gr\u00fcndungsversammlung [&hellip;]<\/p>\n","protected":false},"author":1,"featured_media":790,"parent":0,"menu_order":0,"comment_status":"closed","ping_status":"closed","template":"","meta":{"ngg_post_thumbnail":0,"footnotes":""},"class_list":["post-789","page","type-page","status-publish","has-post-thumbnail","hentry"],"jetpack_sharing_enabled":true,"_links":{"self":[{"href":"https:\/\/www.gaystammtisch50plusminus.de\/index.php?rest_route=\/wp\/v2\/pages\/789","targetHints":{"allow":["GET"]}}],"collection":[{"href":"https:\/\/www.gaystammtisch50plusminus.de\/index.php?rest_route=\/wp\/v2\/pages"}],"about":[{"href":"https:\/\/www.gaystammtisch50plusminus.de\/index.php?rest_route=\/wp\/v2\/types\/page"}],"author":[{"embeddable":true,"href":"https:\/\/www.gaystammtisch50plusminus.de\/index.php?rest_route=\/wp\/v2\/users\/1"}],"replies":[{"embeddable":true,"href":"https:\/\/www.gaystammtisch50plusminus.de\/index.php?rest_route=%2Fwp%2Fv2%2Fcomments&post=789"}],"version-history":[{"count":15,"href":"https:\/\/www.gaystammtisch50plusminus.de\/index.php?rest_route=\/wp\/v2\/pages\/789\/revisions"}],"predecessor-version":[{"id":1584,"href":"https:\/\/www.gaystammtisch50plusminus.de\/index.php?rest_route=\/wp\/v2\/pages\/789\/revisions\/1584"}],"wp:featuredmedia":[{"embeddable":true,"href":"https:\/\/www.gaystammtisch50plusminus.de\/index.php?rest_route=\/wp\/v2\/media\/790"}],"wp:attachment":[{"href":"https:\/\/www.gaystammtisch50plusminus.de\/index.php?rest_route=%2Fwp%2Fv2%2Fmedia&parent=789"}],"curies":[{"name":"wp","href":"https:\/\/api.w.org\/{rel}","templated":true}]}}