{"id":806,"date":"2015-12-04T18:53:49","date_gmt":"2015-12-04T16:53:49","guid":{"rendered":"http:\/\/www.gaystammtisch50plusminus.de\/?page_id=806"},"modified":"2015-12-04T18:58:11","modified_gmt":"2015-12-04T16:58:11","slug":"gruendung-des-biss-im-spiegel-der-medien","status":"publish","type":"page","link":"https:\/\/www.gaystammtisch50plusminus.de\/?page_id=806","title":{"rendered":"Gr\u00fcndung des BISS im Spiegel der Medien"},"content":{"rendered":"<p>&nbsp;<\/p>\n<p><strong>Bundesministerium f\u00fcr Familie, Senioren, Frauen und Jugend<\/strong><\/p>\n<p><a href=\"http:\/\/www.bmfsfj.de\/BMFSFJ\/aeltere-menschen,did=216810.html\">http:\/\/www.bmfsfj.de\/BMFSFJ\/aeltere-menschen,did=216810.html<\/a><\/p>\n<p><strong>Dr. Ralf Kleindiek gratuliert der Bundesinteressenvertretung Schwuler Senioren zur Gr\u00fcndung<\/strong><\/p>\n<p>Staatssekret\u00e4r Dr. Ralf Kleindiek hat am 1. Juli in Frankfurt am Main der Bundesinteressenvertretung Schwuler Senioren (BISS) e.V. zur Gr\u00fcndung gratuliert: &#8222;Ich begr\u00fc\u00dfe es, dass BISS sich der Aufgabe angenommen hat, Sprachrohr f\u00fcr die Belange schwuler Senioren zu werden und sich in die Strukturen der Seniorenpolitik einzubringen.&#8220;<\/p>\n<p>BISS e.V. will sich k\u00fcnftig insbesondere den relevanten Themen f\u00fcr \u00e4ltere schwule M\u00e4nner annehmen, damit diese selbstbestimmt und selbstbewusst ihr Leben gestalten. Der Verein m\u00f6chte sich daf\u00fcr einsetzen, dass Politik und Verwaltung die Interessen schwuler M\u00e4nner\u00a0in politischen Entscheidungsprozessen besser ber\u00fccksichtigen.<\/p>\n<p>&#8222;Es ist wichtig, dass Sie die Anliegen schwuler Senioren in die Gesellschaft hineintragen und sichtbar machen. Dies wird keine leichte Aufgabe sein&#8220;, sagte Staatssekret\u00e4r Dr. Ralf Kleindiek. In seinem Gru\u00dfwort wies er darauf hin, dass das \u00c4lterwerden jeden Menschen irgendwann besch\u00e4ftigt &#8211; unabh\u00e4ngig von Geschlecht, Religion, Herkunft oder davon, wie und wen wir lieben. Vorurteilen m\u00fcsse entgegengewirkt werden. Hierf\u00fcr bed\u00fcrfe es auch einer Korrektur des Altersbildes, denn in der \u00f6ffentlichen Wahrnehmung seien schwule Senioren kaum vorhanden. Kooperationen mit Seniorenverb\u00e4nden k\u00f6nnten hierbei begleiten und unterst\u00fctzen.<\/p>\n<p>Die Gr\u00fcndungsveranstaltung der Bundesinteressenvertretung Schwuler Senioren ist Teil des Rahmenprogramms des 11. Deutschen Seniorentags.<\/p>\n<p><strong>\u00a0<\/strong><\/p>\n<hr \/>\n<p>(C) 2015 KNA Katholische Nachrichten-Agentur GmbH. Alle Rechte vorbehalten.<\/p>\n<p><a href=\"http:\/\/www.kath.net\/news\/51186\">http:\/\/www.kath.net\/news\/51186<\/a><\/p>\n<p><strong>Bundesverband schwuler Senioren gegr\u00fcndet<\/strong><\/p>\n<p>In Frankfurt hat sich am Mittwoch die Bundesinteressenvertretung schwuler Senioren (BISS) gegr\u00fcndet.<\/p>\n<p>Dem Verband geh\u00f6ren nach eigenen Angaben verschiedene Organisationen aus der Schwulen- und Aids-Arbeit sowie Einzelpersonen an. Ziel sei es, Politik, Verwaltung und Tr\u00e4ger von Senioreneinrichtungen auf die Interessen Homosexueller aufmerksam zu machen.<\/p>\n<p>Die Lebenslage schwuler Senioren in den Bereichen Wohnen, Pflege und gesellschaftliche Teilhabe m\u00fcsse sich verbessern, hie\u00df es. \u00abWenn von Vielfalt in der Seniorenarbeit die Rede ist, geh\u00f6rt die sexuelle Vielfalt selbstverst\u00e4ndlich dazu, offen und unversteckt\u00bb, so BISS-Vorstand Georg Roth. Die Gr\u00fcndung der neuen Interessensvertretung wurde vor allem von der Aidshilfe NRW unterst\u00fctzt.<\/p>\n<p>&nbsp;<\/p>\n<hr \/>\n<p><strong>Verband f\u00fcr schwule Senioren gegr\u00fcndet<\/strong><\/p>\n<p>Am Mittwoch ist in Frankfurt die Bundesinteressenvertretung schwuler Senioren (BISS) gegr\u00fcndet worden.<\/p>\n<p>Dem Verband geh\u00f6ren sowohl Organisationen aus dem Bereich der schwulen Seniorenarbeit, der Bildungs- und Aids-Arbeit als auch schwule Aktivisten an. Ziel des Vereins ist die Sensibilisierung von Politik und Verwaltung \u2013 ebenso wie von Einrichtungen wie Altenheimen \u2013 f\u00fcr die Belange \u00e4lterer schwuler M\u00e4nner.<\/p>\n<p>Der ganze Artikel unter:\u00a0\u00a9 Queer Communications GmbH, K\u00f6ln\u00a0<a href=\"http:\/\/www.queer.de\/detail.php?article_id=24121\">http:\/\/www.queer.de\/detail.php?article_id=24121<\/a><\/p>\n<p>&nbsp;<\/p>\n<hr \/>\n<p><strong>\u00a0Schwule mit BISS\u00a0<\/strong><\/p>\n<p><strong>Generation Stonewall will sich nicht verstecken<\/strong><\/p>\n<p>In der M\u00c4NNER 5\/2015 haben wir \u00fcber die Hamburger Studie \u00fcber M\u00e4nnerliebende M\u00e4nner 50+ berichtet. Mit-Initiator Heiko Gerlach, Diplom-Pflegewirt, sagte uns auf die Frage, warum selbst Wissenschaftler die Gruppe der Homo-Senioren bisher so stiefm\u00fctterlich behandeln: <em>\u201e<\/em>Es besteht wenig bis kein Interesse. Das viel beklagte Problem, dass \u00e4ltere und hochbetagte gleichgeschlechtlich liebende Menschen gesellschaftlich nicht wahrgenommen werden, hat sich bei der Arbeit an der Studie best\u00e4tigt.\u201d Ko-Autor der Studie, der Gesundheitswissenschaftler Christian Szillat, best\u00e4tigte: <em>\u201e<\/em>Nach dem Kampf, das Projekt \u00fcberhaupt finanziert zu bekommen, hatten wir mit der mangelnden Kooperation von Medien und teils Szeneeinrichtungen zu k\u00e4mpfen.\u201c<\/p>\n<p><strong>Lebenslage gleichgeschlechtlich liebender Senioren verbessern<\/strong><\/p>\n<p>Nun hat sich in Frankfurt die Bundesinteressenvertretung schwuler Senioren gegr\u00fcndet, kurz BISS \u2013 einen Tag, bevor in Frankfurt\/Main der Deutsche Seniorentag beginnt. Dem Verband geh\u00f6ren sowohl Organisationen aus dem Bereich der schwulen Seniorenarbeit, der Bildungs- und AIDS-Arbeit an wie auch engagierte Pers\u00f6nlichkeiten der schwulen Emanzipationsbewegung. Ziel des Verbandes ist die Sensibilisierung von Politik, Verwaltung, Tr\u00e4gern und Einrichtungen in allen Bereichen der Seniorenarbeit f\u00fcr die Belange \u00e4lterer schwuler M\u00e4nner. Gemeinsam mit dem Dachverband Lesben und Alter wird es darum gehen, die Lebenslage gleichgeschlechtlich liebender Senioren in den Bereichen Wohnen, Pflege und Teilhabe zu verbessern und sich in die politische und wissenschaftliche Diskussion einzubringen. Au\u00dferdem will man innerhalb der schwulen und queeren Community die bestehenden Gruppen vor Ort miteinander vernetzen und den Erfahrungsaustausch f\u00f6rdern.<\/p>\n<p>Der ganze Artikel unter:\u00a0Bruno Gm\u00fcnder GmbH <a href=\"http:\/\/m-maenner.de\/2015\/07\/schwule-mit-biss\/\">http:\/\/m-maenner.de\/2015\/07\/schwule-mit-biss\/<\/a><\/p>\n<p>&nbsp;<\/p>\n<p>&nbsp;<\/p>\n","protected":false},"excerpt":{"rendered":"<p>&nbsp; Bundesministerium f\u00fcr Familie, Senioren, Frauen und Jugend http:\/\/www.bmfsfj.de\/BMFSFJ\/aeltere-menschen,did=216810.html Dr. Ralf Kleindiek gratuliert der Bundesinteressenvertretung Schwuler Senioren zur Gr\u00fcndung Staatssekret\u00e4r Dr. Ralf Kleindiek hat am 1. Juli in Frankfurt am Main der Bundesinteressenvertretung Schwuler Senioren (BISS) e.V. zur Gr\u00fcndung gratuliert: &#8222;Ich begr\u00fc\u00dfe es, dass BISS sich der Aufgabe angenommen hat, Sprachrohr f\u00fcr die Belange schwuler [&hellip;]<\/p>\n","protected":false},"author":1,"featured_media":0,"parent":0,"menu_order":0,"comment_status":"closed","ping_status":"closed","template":"","meta":{"ngg_post_thumbnail":0,"footnotes":""},"class_list":["post-806","page","type-page","status-publish","hentry"],"jetpack_sharing_enabled":true,"_links":{"self":[{"href":"https:\/\/www.gaystammtisch50plusminus.de\/index.php?rest_route=\/wp\/v2\/pages\/806","targetHints":{"allow":["GET"]}}],"collection":[{"href":"https:\/\/www.gaystammtisch50plusminus.de\/index.php?rest_route=\/wp\/v2\/pages"}],"about":[{"href":"https:\/\/www.gaystammtisch50plusminus.de\/index.php?rest_route=\/wp\/v2\/types\/page"}],"author":[{"embeddable":true,"href":"https:\/\/www.gaystammtisch50plusminus.de\/index.php?rest_route=\/wp\/v2\/users\/1"}],"replies":[{"embeddable":true,"href":"https:\/\/www.gaystammtisch50plusminus.de\/index.php?rest_route=%2Fwp%2Fv2%2Fcomments&post=806"}],"version-history":[{"count":2,"href":"https:\/\/www.gaystammtisch50plusminus.de\/index.php?rest_route=\/wp\/v2\/pages\/806\/revisions"}],"predecessor-version":[{"id":809,"href":"https:\/\/www.gaystammtisch50plusminus.de\/index.php?rest_route=\/wp\/v2\/pages\/806\/revisions\/809"}],"wp:attachment":[{"href":"https:\/\/www.gaystammtisch50plusminus.de\/index.php?rest_route=%2Fwp%2Fv2%2Fmedia&parent=806"}],"curies":[{"name":"wp","href":"https:\/\/api.w.org\/{rel}","templated":true}]}}